{"id":207,"date":"2023-01-28T20:46:55","date_gmt":"2023-01-28T20:46:55","guid":{"rendered":"https:\/\/csonkart.hu\/?page_id=207"},"modified":"2023-01-28T21:11:42","modified_gmt":"2023-01-28T21:11:42","slug":"rolam-2","status":"publish","type":"page","link":"https:\/\/csonkart.hu\/index.php\/language\/hu\/rolam-2\/","title":{"rendered":"R\u00f3lam"},"content":{"rendered":"\n<div class=\"is-layout-flex wp-container-3 wp-block-columns alignwide is-style-default\">\n<div class=\"is-layout-flow wp-block-column\">\n<p class=\"has-extra-large-font-size\"><strong>Csonka G\u00e1bor<\/strong><\/p>\n\n\n\n<p class=\"has-large-font-size\"><strong>Horv\u00e1th Endre-d\u00edjas fest\u0151m\u0171v\u00e9sz<\/strong><\/p>\n\n\n\n<p>1965. szeptember 8-\u00e1n sz\u00fcletett, Balassagyarmaton.<\/p>\n\n\n\n<p>Az Ifj\u00fas\u00e1g \u00fatjai \u00e1ltal\u00e1nos iskol\u00e1ban tan\u00e1rai voltak:&nbsp;<strong>Lengyel P\u00e9ter<\/strong>&nbsp;\u00e9s&nbsp;<strong>Csemniczky Zolt\u00e1n<\/strong>. A Balassi B\u00e1lint Gimn\u00e1ziumban&nbsp;<strong>Farkas Andr\u00e1s<\/strong>&nbsp;volt a tan\u00e1ra.&nbsp;<\/p>\n\n\n\n<p>Az egri tan\u00e1rk\u00e9pz\u0151 f\u0151iskol\u00e1n (matematika-rajz szak)&nbsp;<strong>D\u00e9v\u00e9nyi J\u00e1nos<\/strong>,&nbsp;<strong>Magyar Istv\u00e1n<\/strong>,&nbsp;<strong>L\u00f3r\u00e1nt J\u00e1nos<\/strong>,&nbsp;<strong>Osk\u00f3n\u00e9 B\u00f3di Kl\u00e1ra<\/strong>,&nbsp;<strong>Nagy Ern\u0151<\/strong>&nbsp;voltak a mesterei.<\/p>\n\n\n\n<p>A kezdetekt\u0151l a mai napig nagy hat\u00e1ssal volt r\u00e1 n\u0151v\u00e9re&nbsp;<strong>Csonka Erzs\u00e9bet<\/strong>, aki jelenleg az egri Harlekin B\u00e1bsz\u00ednh\u00e1z d\u00edszlet- \u00e9s b\u00e1btervez\u0151je.<\/p>\n\n\n\n<p>1989-t\u0151l 2011-ig a cserh\u00e1tsur\u00e1nyi \u00e1ltal\u00e1nos iskol\u00e1ban tan\u00edtott, s k\u00f6zben rajzolt, festett.<\/p>\n\n\n\n<p>Kedvenc technik\u00e1i: ker\u00e1mia, olaj, akvarell, kr\u00e9ta.&nbsp;<\/p>\n\n\n\n<p>1997-ben sz\u00e1m\u00edt\u00e1stechnika tan\u00e1ri diplom\u00e1t szerzett az ELTE-n. 2011-t\u0151l a balassagyarmati Szent Imre Katolikus \u00c1ltal\u00e1nos Iskola \u00e9s Gimn\u00e1zium a munkahelye, ahol legnagyobb \u00f3rasz\u00e1mban informatik\u00e1t oktat.<\/p>\n\n\n\n<p>K\u00f6zel t\u00edz \u00e9v ut\u00e1n \u00fajra tud id\u0151t szak\u00edtani az alkot\u00e1sra.<\/p>\n\n\n\n<p class=\"has-extra-large-font-size\"><\/p>\n<\/div>\n\n\n\n<div class=\"is-layout-flow wp-block-column\">\n<figure class=\"wp-block-image size-large is-style-default\"><img decoding=\"async\" loading=\"lazy\" width=\"863\" height=\"1024\" src=\"https:\/\/csonkart.hu\/wp-content\/uploads\/2023\/01\/MI-KETTEN-863x1024.jpg\" alt=\"\" class=\"wp-image-118\" srcset=\"https:\/\/csonkart.hu\/wp-content\/uploads\/2023\/01\/MI-KETTEN-863x1024.jpg 863w, https:\/\/csonkart.hu\/wp-content\/uploads\/2023\/01\/MI-KETTEN-scaled-600x712.jpg 600w, https:\/\/csonkart.hu\/wp-content\/uploads\/2023\/01\/MI-KETTEN-253x300.jpg 253w, https:\/\/csonkart.hu\/wp-content\/uploads\/2023\/01\/MI-KETTEN-768x911.jpg 768w, https:\/\/csonkart.hu\/wp-content\/uploads\/2023\/01\/MI-KETTEN-1294x1536.jpg 1294w, https:\/\/csonkart.hu\/wp-content\/uploads\/2023\/01\/MI-KETTEN-1726x2048.jpg 1726w, https:\/\/csonkart.hu\/wp-content\/uploads\/2023\/01\/MI-KETTEN-1612x1913.jpg 1612w, https:\/\/csonkart.hu\/wp-content\/uploads\/2023\/01\/MI-KETTEN-1116x1324.jpg 1116w, https:\/\/csonkart.hu\/wp-content\/uploads\/2023\/01\/MI-KETTEN-806x956.jpg 806w, https:\/\/csonkart.hu\/wp-content\/uploads\/2023\/01\/MI-KETTEN-558x662.jpg 558w, https:\/\/csonkart.hu\/wp-content\/uploads\/2023\/01\/MI-KETTEN-655x777.jpg 655w\" sizes=\"(max-width: 863px) 100vw, 863px\" \/><\/figure>\n<\/div>\n<\/div>\n\n\n\n<p><strong>Kor\u00e1bbi Ki\u00e1ll\u00edt\u00e1sok: <\/strong><\/p>\n\n\n\n<ul>\n<li>Cserh\u00e1tsur\u00e1ny, \u00c1ltal\u00e1nos Iskola<\/li>\n\n\n\n<li>Magyarn\u00e1ndor, \u00c1ltal\u00e1nos Iskola<\/li>\n\n\n\n<li>Balassagyarmat: Kiss \u00c1rp\u00e1d \u00c1ltal\u00e1nos Iskola<\/li>\n\n\n\n<li>Balassagyarmat: Le\u00e1nykoll\u00e9gium (Ady Endre utca)<\/li>\n\n\n\n<li>Balassagyarmat: Balassi B\u00e1lint Gimn\u00e1zium<\/li>\n\n\n\n<li>Balassagyarmat: Mad\u00e1ch Imre V\u00e1rosi K\u00f6nyvt\u00e1r<\/li>\n\n\n\n<li>Balassagyarmat: Szent Imre Gimn\u00e1zium<\/li>\n\n\n\n<li>Balassagyarmat: Szab\u00f3 L\u0151rinc \u00c1ltal\u00e1nos Iskola<\/li>\n<\/ul>\n","protected":false},"excerpt":{"rendered":"<p>Csonka G\u00e1bor Horv\u00e1th Endre-d\u00edjas fest\u0151m\u0171v\u00e9sz 1965. szeptember 8-\u00e1n sz\u00fcletett, Balassagyarmaton. Az Ifj\u00fas\u00e1g \u00fatjai \u00e1ltal\u00e1nos iskol\u00e1ban tan\u00e1rai voltak:&nbsp;Lengyel P\u00e9ter&nbsp;\u00e9s&nbsp;Csemniczky Zolt\u00e1n. A Balassi B\u00e1lint Gimn\u00e1ziumban&nbsp;Farkas Andr\u00e1s&nbsp;volt a tan\u00e1ra.&nbsp; Az egri tan\u00e1rk\u00e9pz\u0151 f\u0151iskol\u00e1n (matematika-rajz szak)&nbsp;D\u00e9v\u00e9nyi J\u00e1nos,&nbsp;Magyar Istv\u00e1n,&nbsp;L\u00f3r\u00e1nt J\u00e1nos,&nbsp;Osk\u00f3n\u00e9 B\u00f3di Kl\u00e1ra,&nbsp;Nagy Ern\u0151&nbsp;voltak a mesterei. A kezdetekt\u0151l a mai napig nagy hat\u00e1ssal volt r\u00e1 n\u0151v\u00e9re&nbsp;Csonka Erzs\u00e9bet, aki jelenleg az egri&hellip; <a class=\"more-link\" href=\"https:\/\/csonkart.hu\/index.php\/language\/hu\/rolam-2\/\"><span class=\"screen-reader-text\">R\u00f3lam<\/span> olvas\u00e1s\u00e1nak folytat\u00e1sa<\/a><\/p>\n","protected":false},"author":1,"featured_media":0,"parent":0,"menu_order":0,"comment_status":"closed","ping_status":"closed","template":"","meta":{"_vp_format_video_url":"","_vp_image_focal_point":[]},"acf":[],"_links":{"self":[{"href":"https:\/\/csonkart.hu\/index.php\/wp-json\/wp\/v2\/pages\/207"}],"collection":[{"href":"https:\/\/csonkart.hu\/index.php\/wp-json\/wp\/v2\/pages"}],"about":[{"href":"https:\/\/csonkart.hu\/index.php\/wp-json\/wp\/v2\/types\/page"}],"author":[{"embeddable":true,"href":"https:\/\/csonkart.hu\/index.php\/wp-json\/wp\/v2\/users\/1"}],"replies":[{"embeddable":true,"href":"https:\/\/csonkart.hu\/index.php\/wp-json\/wp\/v2\/comments?post=207"}],"version-history":[{"count":1,"href":"https:\/\/csonkart.hu\/index.php\/wp-json\/wp\/v2\/pages\/207\/revisions"}],"predecessor-version":[{"id":209,"href":"https:\/\/csonkart.hu\/index.php\/wp-json\/wp\/v2\/pages\/207\/revisions\/209"}],"wp:attachment":[{"href":"https:\/\/csonkart.hu\/index.php\/wp-json\/wp\/v2\/media?parent=207"}],"curies":[{"name":"wp","href":"https:\/\/api.w.org\/{rel}","templated":true}]}}